{"id":1207,"date":"2023-02-23T15:58:21","date_gmt":"2023-02-23T14:58:21","guid":{"rendered":"https:\/\/tanzsportgarde-fcort.de\/?page_id=1207"},"modified":"2024-09-12T20:12:16","modified_gmt":"2024-09-12T18:12:16","slug":"minis","status":"publish","type":"page","link":"https:\/\/tanzsportgarde-fcort.de\/?page_id=1207","title":{"rendered":"Minis"},"content":{"rendered":"\n<p>Unsere Minis sind die Kleinsten in unserer Tanzsportabteilung, aber mit 3 &#8211; 6 Jahren schon ganz gro\u00df.<\/p>\n\n\n\n<p>Unser Training findet einmal w\u00f6chentlich immer freitags von 14:30 &#8211; 15:30 Uhr in der St\u00e4dtischen Turnhalle in Helmbrechts statt. Bei uns steht neben dem Tanz-Training auch eine spielerische und gezielte Bewegungsf\u00f6rderung im Vordergrund, was besonders f\u00fcr die Entwicklung von K\u00f6rper und Geist gerade f\u00fcr Kleinkinder eine bedeutende Rolle spielt. <\/p>\n\n\n\n<p>Die Grundz\u00fcge und &#8220;Basics&#8221; des Tanzsportes werden in unserem Training altersgerecht vermittelt und abwechslungsreiche \u00dcbungen an verschiedenen Turnger\u00e4ten erg\u00e4nzt. <\/p>\n\n\n\n<p>Das Trainerteam wird aus Sophia, Sina und Luisa gebildet, die sich mit viel Herz und Einsatz dem Kleinkinder-Sport widmen.<\/p>\n\n\n\n<p><\/p>\n\n\n\n<div class=\"wp-block-buttons is-layout-flex wp-block-buttons-is-layout-flex\"><\/div>\n","protected":false},"excerpt":{"rendered":"<p>Unsere Minis sind die Kleinsten in unserer Tanzsportabteilung, aber mit 3 &#8211; 6 Jahren schon ganz gro\u00df. Unser Training findet einmal w\u00f6chentlich immer freitags von 14:30 &#8211; 15:30 Uhr in der St\u00e4dtischen Turnhalle in Helmbrechts statt. Bei uns steht neben dem Tanz-Training auch eine spielerische und gezielte Bewegungsf\u00f6rderung im Vordergrund, was besonders f\u00fcr die Entwicklung von K\u00f6rper und Geist gerade f\u00fcr Kleinkinder eine bedeutende Rolle spielt. Die Grundz\u00fcge und &#8220;Basics&#8221; des Tanzsportes werden in unserem Training altersgerecht vermittelt und abwechslungsreiche \u00dcbungen an verschiedenen Turnger\u00e4ten erg\u00e4nzt. Das Trainerteam wird aus Sophia, Sina und Luisa gebildet, die sich mit viel Herz und Einsatz dem Kleinkinder-Sport widmen.<\/p>\n","protected":false},"author":1,"featured_media":1277,"parent":0,"menu_order":0,"comment_status":"closed","ping_status":"closed","template":"","meta":{"footnotes":""},"class_list":["post-1207","page","type-page","status-publish","has-post-thumbnail","hentry"],"_links":{"self":[{"href":"https:\/\/tanzsportgarde-fcort.de\/index.php?rest_route=\/wp\/v2\/pages\/1207","targetHints":{"allow":["GET"]}}],"collection":[{"href":"https:\/\/tanzsportgarde-fcort.de\/index.php?rest_route=\/wp\/v2\/pages"}],"about":[{"href":"https:\/\/tanzsportgarde-fcort.de\/index.php?rest_route=\/wp\/v2\/types\/page"}],"author":[{"embeddable":true,"href":"https:\/\/tanzsportgarde-fcort.de\/index.php?rest_route=\/wp\/v2\/users\/1"}],"replies":[{"embeddable":true,"href":"https:\/\/tanzsportgarde-fcort.de\/index.php?rest_route=%2Fwp%2Fv2%2Fcomments&post=1207"}],"version-history":[{"count":4,"href":"https:\/\/tanzsportgarde-fcort.de\/index.php?rest_route=\/wp\/v2\/pages\/1207\/revisions"}],"predecessor-version":[{"id":1332,"href":"https:\/\/tanzsportgarde-fcort.de\/index.php?rest_route=\/wp\/v2\/pages\/1207\/revisions\/1332"}],"wp:featuredmedia":[{"embeddable":true,"href":"https:\/\/tanzsportgarde-fcort.de\/index.php?rest_route=\/wp\/v2\/media\/1277"}],"wp:attachment":[{"href":"https:\/\/tanzsportgarde-fcort.de\/index.php?rest_route=%2Fwp%2Fv2%2Fmedia&parent=1207"}],"curies":[{"name":"wp","href":"https:\/\/api.w.org\/{rel}","templated":true}]}}